{"id":2698,"date":"2026-01-24T16:58:26","date_gmt":"2026-01-24T16:58:26","guid":{"rendered":"https:\/\/psyio.themeht.com\/?page_id=2698"},"modified":"2026-04-16T18:22:18","modified_gmt":"2026-04-16T16:22:18","slug":"contacto","status":"publish","type":"page","link":"https:\/\/psicokarhes.es\/en\/contacto\/","title":{"rendered":"CONTACTO"},"content":{"rendered":"<div data-elementor-type=\"wp-page\" data-elementor-id=\"2698\" class=\"elementor elementor-2698\">\n\t\t\t\t<div class=\"elementor-element elementor-element-4b942be e-flex e-con-boxed e-con e-parent\" data-id=\"4b942be\" data-element_type=\"container\" data-e-type=\"container\">\n\t\t\t\t\t<div class=\"e-con-inner\">\n\t\t<div class=\"elementor-element elementor-element-70525da e-con-full e-flex e-con e-child\" data-id=\"70525da\" data-element_type=\"container\" data-e-type=\"container\">\n\t\t\t\t<div class=\"elementor-element elementor-element-018970e elementor-widget elementor-widget-themeht-heading\" data-id=\"018970e\" data-element_type=\"widget\" data-e-type=\"widget\" data-widget_type=\"themeht-heading.default\">\n\t\t\t\t<div class=\"elementor-widget-container\">\n\t\t\t\t\t    <div class=\"\">\r\n        <h4 class=\"ht-heading\">\r\n            Cont\u00e1ctame        <\/h4>\r\n    <\/div>\r\n    \t\t\t\t<\/div>\n\t\t\t\t<\/div>\n\t\t\t\t<div class=\"elementor-element elementor-element-02ec3ea elementor-widget elementor-widget-text-editor\" data-id=\"02ec3ea\" data-element_type=\"widget\" data-e-type=\"widget\" data-widget_type=\"text-editor.default\">\n\t\t\t\t\t\t\t\t\t<p>Tienes diferentes medios de ponerte en contacto, manda un email, llama por tel\u00e9fono, visita la cl\u00ednica o manda un mensaje a trav\u00e9s del formulario de contacto.<\/p>\t\t\t\t\t\t\t\t<\/div>\n\t\t<div class=\"elementor-element elementor-element-76c4864 e-con-full e-flex e-con e-child\" data-id=\"76c4864\" data-element_type=\"container\" data-e-type=\"container\">\n\t\t<div class=\"elementor-element elementor-element-8131617 e-con-full e-flex e-con e-child\" data-id=\"8131617\" data-element_type=\"container\" data-e-type=\"container\">\n\t\t\t\t<div class=\"elementor-element elementor-element-aac1e6f elementor-view-stacked elementor-shape-circle elementor-widget elementor-widget-icon\" data-id=\"aac1e6f\" data-element_type=\"widget\" data-e-type=\"widget\" data-widget_type=\"icon.default\">\n\t\t\t\t\t\t\t<div class=\"elementor-icon-wrapper\">\n\t\t\t<div class=\"elementor-icon\">\n\t\t\t<i aria-hidden=\"true\" class=\"flaticon flaticon-home-address\"><\/i>\t\t\t<\/div>\n\t\t<\/div>\n\t\t\t\t\t\t<\/div>\n\t\t\t\t<div class=\"elementor-element elementor-element-5c94538 elementor-widget elementor-widget-image\" data-id=\"5c94538\" data-element_type=\"widget\" data-e-type=\"widget\" data-widget_type=\"image.default\">\n\t\t\t\t\t\t\t\t\t\t\t\t\t\t\t<img fetchpriority=\"high\" decoding=\"async\" width=\"813\" height=\"115\" src=\"https:\/\/psicokarhes.es\/wp-content\/uploads\/2026\/04\/Direccion.png\" class=\"attachment-full size-full wp-image-3627\" alt=\"\" srcset=\"https:\/\/psicokarhes.es\/wp-content\/uploads\/2026\/04\/Direccion.png 813w, https:\/\/psicokarhes.es\/wp-content\/uploads\/2026\/04\/Direccion-300x42.png 300w, https:\/\/psicokarhes.es\/wp-content\/uploads\/2026\/04\/Direccion-768x109.png 768w\" sizes=\"(max-width: 813px) 100vw, 813px\" \/>\t\t\t\t\t\t\t\t\t\t\t\t\t\t\t<\/div>\n\t\t\t\t<\/div>\n\t\t<div class=\"elementor-element elementor-element-2326422 e-con-full e-flex e-con e-child\" data-id=\"2326422\" data-element_type=\"container\" data-e-type=\"container\">\n\t\t\t\t<div class=\"elementor-element elementor-element-d2dea02 elementor-view-stacked elementor-shape-circle elementor-widget elementor-widget-icon\" data-id=\"d2dea02\" data-element_type=\"widget\" data-e-type=\"widget\" data-widget_type=\"icon.default\">\n\t\t\t\t\t\t\t<div class=\"elementor-icon-wrapper\">\n\t\t\t<div class=\"elementor-icon\">\n\t\t\t<i aria-hidden=\"true\" class=\"flaticon flaticon-email-3\"><\/i>\t\t\t<\/div>\n\t\t<\/div>\n\t\t\t\t\t\t<\/div>\n\t\t\t\t<div class=\"elementor-element elementor-element-3fd7599 elementor-widget elementor-widget-image\" data-id=\"3fd7599\" data-element_type=\"widget\" data-e-type=\"widget\" data-widget_type=\"image.default\">\n\t\t\t\t\t\t\t\t\t\t\t\t\t\t\t<img decoding=\"async\" width=\"813\" height=\"115\" src=\"https:\/\/psicokarhes.es\/wp-content\/uploads\/2026\/04\/Email.png\" class=\"attachment-full size-full wp-image-3628\" alt=\"\" srcset=\"https:\/\/psicokarhes.es\/wp-content\/uploads\/2026\/04\/Email.png 813w, https:\/\/psicokarhes.es\/wp-content\/uploads\/2026\/04\/Email-300x42.png 300w, https:\/\/psicokarhes.es\/wp-content\/uploads\/2026\/04\/Email-768x109.png 768w\" sizes=\"(max-width: 813px) 100vw, 813px\" \/>\t\t\t\t\t\t\t\t\t\t\t\t\t\t\t<\/div>\n\t\t\t\t<\/div>\n\t\t<div class=\"elementor-element elementor-element-b3e9a4b e-con-full e-flex e-con e-child\" data-id=\"b3e9a4b\" data-element_type=\"container\" data-e-type=\"container\">\n\t\t\t\t<div class=\"elementor-element elementor-element-64b7c44 elementor-view-stacked elementor-shape-circle elementor-widget elementor-widget-icon\" data-id=\"64b7c44\" data-element_type=\"widget\" data-e-type=\"widget\" data-widget_type=\"icon.default\">\n\t\t\t\t\t\t\t<div class=\"elementor-icon-wrapper\">\n\t\t\t<div class=\"elementor-icon\">\n\t\t\t<i aria-hidden=\"true\" class=\"flaticon flaticon-phone-call\"><\/i>\t\t\t<\/div>\n\t\t<\/div>\n\t\t\t\t\t\t<\/div>\n\t\t\t\t<div class=\"elementor-element elementor-element-077eb37 elementor-widget elementor-widget-image\" data-id=\"077eb37\" data-element_type=\"widget\" data-e-type=\"widget\" data-widget_type=\"image.default\">\n\t\t\t\t\t\t\t\t\t\t\t\t\t\t\t<img decoding=\"async\" width=\"813\" height=\"115\" src=\"https:\/\/psicokarhes.es\/wp-content\/uploads\/2026\/04\/Telefono.png\" class=\"attachment-full size-full wp-image-3629\" alt=\"\" srcset=\"https:\/\/psicokarhes.es\/wp-content\/uploads\/2026\/04\/Telefono.png 813w, https:\/\/psicokarhes.es\/wp-content\/uploads\/2026\/04\/Telefono-300x42.png 300w, https:\/\/psicokarhes.es\/wp-content\/uploads\/2026\/04\/Telefono-768x109.png 768w\" sizes=\"(max-width: 813px) 100vw, 813px\" \/>\t\t\t\t\t\t\t\t\t\t\t\t\t\t\t<\/div>\n\t\t\t\t<\/div>\n\t\t\t\t<\/div>\n\t\t\t\t<div class=\"elementor-element elementor-element-4cba730 elementor-widget elementor-widget-themeht-heading\" data-id=\"4cba730\" data-element_type=\"widget\" data-e-type=\"widget\" data-widget_type=\"themeht-heading.default\">\n\t\t\t\t<div class=\"elementor-widget-container\">\n\t\t\t\t\t    <div class=\"\">\r\n        <h4 class=\"ht-heading\">\r\n            Horarios        <\/h4>\r\n    <\/div>\r\n    \t\t\t\t<\/div>\n\t\t\t\t<\/div>\n\t\t\t\t<div class=\"elementor-element elementor-element-84b237e elementor-widget elementor-widget-working-hours\" data-id=\"84b237e\" data-element_type=\"widget\" data-e-type=\"widget\" data-widget_type=\"working-hours.default\">\n\t\t\t\t<div class=\"elementor-widget-container\">\n\t\t\t\t\t\r\n            <div class=\"working-hours-item\">\r\n            <span class=\"working-day\">Lunes - Viernes<\/span>\r\n            <span class=\"working-time\">9:00 - 18:00<\/span>\r\n        <\/div>\r\n                    <div class=\"working-hours-item\">\r\n            <span class=\"working-day\">S\u00e1bado - Domingo<\/span>\r\n            <span class=\"working-time\">8:00 - 16:00<\/span>\r\n        <\/div>\r\n                    <div class=\"working-hours-item\">\r\n            <span class=\"working-day\">Urgencia<\/span>\r\n            <span class=\"working-time\">24\/7 Hours<\/span>\r\n        <\/div>\r\n            \r\n    \t\t\t\t<\/div>\n\t\t\t\t<\/div>\n\t\t\t\t<div class=\"elementor-element elementor-element-67ae5e2 elementor-hidden-desktop elementor-hidden-tablet elementor-hidden-mobile elementor-widget elementor-widget-ht-social\" data-id=\"67ae5e2\" data-element_type=\"widget\" data-e-type=\"widget\" data-widget_type=\"ht-social.default\">\n\t\t\t\t<div class=\"elementor-widget-container\">\n\t\t\t\t\t        <div class=\"social-icons left\">\r\n            <ul class=\"list-inline mb-0\">\r\n                                                            <li class=\"list-inline-item\">\r\n                            <a href=\"#\" target=\"_blank\" rel=\"noopener noreferrer\">\r\n                                <i aria-hidden=\"true\" class=\"flaticon flaticon-facebook-app-symbol\"><\/i>                            <\/a>\r\n                        <\/li>\r\n                                            <li class=\"list-inline-item\">\r\n                            <a href=\"#\" target=\"_blank\" rel=\"noopener noreferrer\">\r\n                                <i aria-hidden=\"true\" class=\"flaticon flaticon-twitter\"><\/i>                            <\/a>\r\n                        <\/li>\r\n                                            <li class=\"list-inline-item\">\r\n                            <a href=\"#\" target=\"_blank\" rel=\"noopener noreferrer\">\r\n                                <i aria-hidden=\"true\" class=\"flaticon flaticon-linkedin\"><\/i>                            <\/a>\r\n                        <\/li>\r\n                                            <li class=\"list-inline-item\">\r\n                            <a href=\"#\" target=\"_blank\" rel=\"noopener noreferrer\">\r\n                                <i aria-hidden=\"true\" class=\"flaticon flaticon-whatsapp\"><\/i>                            <\/a>\r\n                        <\/li>\r\n                                                <\/ul>\r\n        <\/div>\r\n        \t\t\t\t<\/div>\n\t\t\t\t<\/div>\n\t\t\t\t<\/div>\n\t\t<div class=\"elementor-element elementor-element-f0c8b20 e-con-full e-flex e-con e-child\" data-id=\"f0c8b20\" data-element_type=\"container\" data-e-type=\"container\">\n\t\t\t\t<div class=\"elementor-element elementor-element-f102972 elementor-widget-tablet__width-inherit elementor-widget elementor-widget-title\" data-id=\"f102972\" data-element_type=\"widget\" data-e-type=\"widget\" data-widget_type=\"title.default\">\n\t\t\t\t<div class=\"elementor-widget-container\">\n\t\t\t\t\t        <div class=\"theme-title style-1\">\r\n                            <div class=\"ht-subtitle\"><h6>\u00bfTienes alguna pregunta?<\/h6><\/div>\r\n                        <h2 class=\"text-anime-style\">Ponte en contacto conmigo si tienes cualquier pregunta o duda: <span class=\"title-sub\">te responder\u00e9 con la mayor brevedad.<\/span><\/h2>\r\n            <div><\/div>\r\n        <\/div>\r\n        \t\t\t\t<\/div>\n\t\t\t\t<\/div>\n\t\t\t\t<div class=\"elementor-element elementor-element-4c848db elementor-widget elementor-widget-shortcode\" data-id=\"4c848db\" data-element_type=\"widget\" data-e-type=\"widget\" data-widget_type=\"shortcode.default\">\n\t\t\t\t\t\t\t<div class=\"elementor-shortcode\">\n<div class=\"wpcf7 no-js\" id=\"wpcf7-f250-o1\" lang=\"en-US\" dir=\"ltr\" data-wpcf7-id=\"250\">\n<div class=\"screen-reader-response\"><p role=\"status\" aria-live=\"polite\" aria-atomic=\"true\"><\/p> <ul><\/ul><\/div>\n<form action=\"\/en\/wp-json\/wp\/v2\/pages\/2698#wpcf7-f250-o1\" method=\"post\" class=\"wpcf7-form init\" aria-label=\"Contact form\" novalidate=\"novalidate\" data-status=\"init\" data-trp-original-action=\"\/en\/wp-json\/wp\/v2\/pages\/2698#wpcf7-f250-o1\">\n<fieldset class=\"hidden-fields-container\"><input type=\"hidden\" name=\"_wpcf7\" value=\"250\" \/><input type=\"hidden\" name=\"_wpcf7_version\" value=\"6.1.5\" \/><input type=\"hidden\" name=\"_wpcf7_locale\" value=\"en_US\" \/><input type=\"hidden\" name=\"_wpcf7_unit_tag\" value=\"wpcf7-f250-o1\" \/><input type=\"hidden\" name=\"_wpcf7_container_post\" value=\"0\" \/><input type=\"hidden\" name=\"_wpcf7_posted_data_hash\" value=\"\" \/>\n<\/fieldset>\n<div class=\"wpcf7-turnstile cf-turnstile\" data-sitekey=\"0x4AAAAAAC93xI9Q54q9HzRt\" data-response-field-name=\"_wpcf7_turnstile_response\"><\/div>\n\n<div class=\"contact-form\">\n  <div class=\"row\">    \n    <div class=\"col-md-6 mb-3\"><span class=\"wpcf7-form-control-wrap\" data-name=\"your-name\"><input size=\"40\" maxlength=\"400\" class=\"wpcf7-form-control wpcf7-text\" aria-invalid=\"false\" placeholder=\"Nombre\" value=\"\" type=\"text\" name=\"your-name\" \/><\/span><\/div>\n    <div class=\"col-md-6 mb-3\"><span class=\"wpcf7-form-control-wrap\" data-name=\"your-email\"><input size=\"40\" maxlength=\"400\" class=\"wpcf7-form-control wpcf7-email wpcf7-validates-as-required wpcf7-text wpcf7-validates-as-email\" aria-required=\"true\" aria-invalid=\"false\" placeholder=\"Email\" value=\"\" type=\"email\" name=\"your-email\" \/><\/span><\/div>\n<div class=\"col-md-12 mb-3\"><span class=\"wpcf7-form-control-wrap\" data-name=\"tel-893\"><input size=\"40\" maxlength=\"400\" class=\"wpcf7-form-control wpcf7-tel wpcf7-validates-as-required wpcf7-text wpcf7-validates-as-tel\" aria-required=\"true\" aria-invalid=\"false\" placeholder=\"Tel\u00e9fono\" value=\"\" type=\"tel\" name=\"tel-893\" \/><\/span><\/div>    \n    <div class=\"col-md-12 mb-3\"><span class=\"wpcf7-form-control-wrap\" data-name=\"your-message\"><textarea cols=\"40\" rows=\"10\" maxlength=\"2000\" class=\"wpcf7-form-control wpcf7-textarea\" aria-invalid=\"false\" placeholder=\"Mensaje\" name=\"your-message\"><\/textarea><\/span><\/div>\n    <div class=\"col-md-12 mt-4\"><div class=\"cf7-cf-turnstile\" style=\"margin-top: 0px; margin-bottom: -15px;\"> <div id=\"cf-turnstile-cf7-1241851260\" class=\"cf-turnstile\" data-sitekey=\"0x4AAAAAAC93xI9Q54q9HzRt\" data-theme=\"light\" data-language=\"auto\" data-size=\"normal\" data-retry=\"auto\" data-retry-interval=\"1000\" data-refresh-expired=\"auto\" data-refresh-timeout=\"auto\" data-action=\"contact-form-7\" data-callback=\"turnstileCF7Callback\" data-appearance=\"always\"><\/div> <script>document.addEventListener(\"DOMContentLoaded\", function() { setTimeout(function(){ var e=document.getElementById(\"cf-turnstile-cf7-1241851260\"); if(e&&!e.innerHTML.trim()){turnstile.render(e, {sitekey:\"0x4AAAAAAC93xI9Q54q9HzRt\"});} }, 200); });<\/script> <br class=\"cf-turnstile-br cf-turnstile-br-cf7-1241851260\"> <style>#cf-turnstile-cf7-1241851260 { margin-left: -15px; }<\/style> <script>document.addEventListener(\"DOMContentLoaded\",function(){document.querySelectorAll('.wpcf7-form').forEach(function(e){e.addEventListener('submit',function(){if(document.getElementById('cf-turnstile-cf7-1241851260')){setTimeout(function(){turnstile.reset('#cf-turnstile-cf7-1241851260');},1000)}})})});<\/script> <\/div><br\/><input class=\"wpcf7-form-control wpcf7-submit has-spinner\" type=\"submit\" value=\"Enviar\" \/><\/div>\n    <\/div>\n  <\/div><div class=\"wpcf7-response-output\" aria-hidden=\"true\"><\/div>\n<input type=\"hidden\" name=\"trp-form-language\" value=\"en\"\/><\/form>\n<\/div>\n<\/div>\n\t\t\t\t\t\t<\/div>\n\t\t\t\t<\/div>\n\t\t\t\t\t<\/div>\n\t\t\t\t<\/div>\n\t\t<div class=\"elementor-element elementor-element-432695b e-con-full e-flex e-con e-parent\" data-id=\"432695b\" data-element_type=\"container\" data-e-type=\"container\">\n\t\t\t\t<div class=\"elementor-element elementor-element-b92c4ca elementor-widget elementor-widget-google_maps\" data-id=\"b92c4ca\" data-element_type=\"widget\" data-e-type=\"widget\" data-widget_type=\"google_maps.default\">\n\t\t\t\t\t\t\t<div class=\"elementor-custom-embed\">\n\t\t\t<iframe loading=\"lazy\"\n\t\t\t\t\tsrc=\"https:\/\/maps.google.com\/maps?q=Plaza%20de%20Honduras%2C%2038%20-%2046022%20-%20Valencia&#038;t=m&#038;z=15&#038;output=embed&#038;iwloc=near\"\n\t\t\t\t\ttitle=\"Plaza de Honduras, 38 - 46022 - Valencia\"\n\t\t\t\t\taria-label=\"Plaza de Honduras, 38 - 46022 - Valencia\"\n\t\t\t><\/iframe>\n\t\t<\/div>\n\t\t\t\t\t\t<\/div>\n\t\t\t\t<\/div>\n\t\t<div class=\"elementor-element elementor-element-94c2980 e-flex e-con-boxed e-con e-parent\" data-id=\"94c2980\" data-element_type=\"container\" data-e-type=\"container\">\n\t\t\t\t\t<div class=\"e-con-inner\">\n\t\t\t\t<div class=\"elementor-element elementor-element-a3224b9 elementor-widget elementor-widget-html\" data-id=\"a3224b9\" data-element_type=\"widget\" data-e-type=\"widget\" data-widget_type=\"html.default\">\n\t\t\t\t\t<iframe width=\"600\" height=\"800\" src=\"https:\/\/www.docfav.com\/portal-iframe\/2ba634ef-a27c-4128-9fa6-4381d571dbd2\/\"><\/iframe>\t\t\t\t<\/div>\n\t\t\t\t\t<\/div>\n\t\t\t\t<\/div>\n\t\t\t\t<\/div>","protected":false},"excerpt":{"rendered":"<p>Cont\u00e1ctame Tienes diferentes medios de ponerte en contacto, manda un email, llama por tel\u00e9fono, visita la cl\u00ednica o manda un mensaje a trav\u00e9s del formulario de contacto. Horarios Lunes &#8211; Viernes 9:00 &#8211; 18:00 S\u00e1bado &#8211; Domingo 8:00 &#8211; 16:00 Urgencia 24\/7 Hours \u00bfTienes alguna pregunta? Ponte en contacto conmigo si tienes cualquier pregunta o [&hellip;]<\/p>\n","protected":false},"author":1,"featured_media":0,"parent":0,"menu_order":0,"comment_status":"closed","ping_status":"closed","template":"","meta":{"footnotes":""},"class_list":["post-2698","page","type-page","status-publish","hentry"],"_links":{"self":[{"href":"https:\/\/psicokarhes.es\/en\/wp-json\/wp\/v2\/pages\/2698","targetHints":{"allow":["GET"]}}],"collection":[{"href":"https:\/\/psicokarhes.es\/en\/wp-json\/wp\/v2\/pages"}],"about":[{"href":"https:\/\/psicokarhes.es\/en\/wp-json\/wp\/v2\/types\/page"}],"author":[{"embeddable":true,"href":"https:\/\/psicokarhes.es\/en\/wp-json\/wp\/v2\/users\/1"}],"replies":[{"embeddable":true,"href":"https:\/\/psicokarhes.es\/en\/wp-json\/wp\/v2\/comments?post=2698"}],"version-history":[{"count":40,"href":"https:\/\/psicokarhes.es\/en\/wp-json\/wp\/v2\/pages\/2698\/revisions"}],"predecessor-version":[{"id":3873,"href":"https:\/\/psicokarhes.es\/en\/wp-json\/wp\/v2\/pages\/2698\/revisions\/3873"}],"wp:attachment":[{"href":"https:\/\/psicokarhes.es\/en\/wp-json\/wp\/v2\/media?parent=2698"}],"curies":[{"name":"wp","href":"https:\/\/api.w.org\/{rel}","templated":true}]}}