{"id":3564,"date":"2026-04-16T15:18:51","date_gmt":"2026-04-16T13:18:51","guid":{"rendered":"https:\/\/psyio.themeht.com\/?page_id=3564"},"modified":"2026-04-16T15:21:56","modified_gmt":"2026-04-16T13:21:56","slug":"accesibilidad","status":"publish","type":"page","link":"https:\/\/psicokarhes.es\/en\/accesibilidad\/","title":{"rendered":"Accesibilidad"},"content":{"rendered":"\t\t<div data-elementor-type=\"wp-page\" data-elementor-id=\"3564\" class=\"elementor elementor-3564\">\n\t\t\t\t<div class=\"elementor-element elementor-element-7487f812 e-flex e-con-boxed e-con e-parent\" data-id=\"7487f812\" data-element_type=\"container\" data-e-type=\"container\">\n\t\t\t\t\t<div class=\"e-con-inner\">\n\t\t\t\t<div class=\"elementor-element elementor-element-23e7b475 elementor-widget elementor-widget-text-editor\" data-id=\"23e7b475\" data-element_type=\"widget\" data-e-type=\"widget\" data-widget_type=\"text-editor.default\">\n\t\t\t\t\t\t\t\t\t\n<div class=\"elementor-element elementor-element-de1f9cf elementor-widget elementor-widget-heading\" data-id=\"de1f9cf\" data-element_type=\"widget\" data-widget_type=\"heading.default\">\n<h1 class=\"elementor-heading-title elementor-size-default\">DECLARACI\u00d3N DE ACCESIBILIDAD<\/h1>\n<\/div>\n<div class=\"elementor-element elementor-element-71dfe79 elementor-widget elementor-widget-text-editor\" data-id=\"71dfe79\" data-element_type=\"widget\" data-widget_type=\"text-editor.default\">\n<div class=\"vc_row wpb_row vc_row-fluid vc_custom_1763557828743 vc_row-has-fill\">\n<div class=\"wpb_column vc_column_container vc_col-sm-12 sc_layouts_column_icons_position_left\">\n<div class=\"vc_column-inner\">\n<div class=\"wpb_wrapper\">\n<div class=\"wpb_text_column wpb_content_element\">\n<div class=\"wpb_wrapper\">\n<p><strong><br \/>Psicokarhes<\/strong>\u00a0se ha comprometido a hacer accesible su sitio web, de conformidad con el\u00a0<strong><a href=\"https:\/\/www.boe.es\/diario_boe\/txt.php?id=BOE-A-2018-12699\">Real Decreto 1112\/2018, de 7 de septiembre, sobre accesibilidad de los sitios web y aplicaciones\u00a0para\u00a0dispositivos m\u00f3viles del sector p\u00fablico<\/a>.<\/strong><\/p>\n<p>La presente declaraci\u00f3n de accesibilidad se aplica al sitio web:\u00a0<a href=\"https:\/\/psicokarhes.es\/\"><strong>https:\/\/psicokarhes.es\/<\/strong><\/a><\/p>\n<\/div>\n<\/div>\n<div class=\"vc_empty_space\"><strong>SITUACI\u00d3N DE CUMPLIMIENTO<\/strong><\/div>\n<\/div>\n<\/div>\n<\/div>\n<\/div>\n<div class=\"vc_row wpb_row vc_row-fluid vc_custom_1763558101508 vc_row-has-fill\">\n<div class=\"wpb_column vc_column_container vc_col-sm-12 sc_layouts_column_icons_position_left\">\n<div class=\"vc_column-inner\">\n<div class=\"wpb_wrapper\">\n<div class=\"wpb_text_column wpb_content_element\">\n<div class=\"wpb_wrapper\">\n<p>Este sitio web es parcialmente conforme con el\u00a0<a href=\"https:\/\/www.boe.es\/diario_boe\/txt.php?id=BOE-A-2018-12699\"><strong>RD 1112\/2018<\/strong><\/a>\u00a0debido a las excepciones y a la falta de conformidad de los aspectos que se indican en el siguiente punto.<\/p>\n<\/div>\n<\/div>\n<div class=\"vc_empty_space\"><strong>CONTENIDO NO ACCESIBLE<\/strong><\/div>\n<\/div>\n<\/div>\n<\/div>\n<\/div>\n<div class=\"vc_row wpb_row vc_row-fluid vc_custom_1763558183687 vc_row-has-fill\">\n<div class=\"wpb_column vc_column_container vc_col-sm-12 sc_layouts_column_icons_position_left\">\n<div class=\"vc_column-inner\">\n<div class=\"wpb_wrapper\">\n<div class=\"wpb_text_column wpb_content_element\">\n<div class=\"wpb_wrapper\">\n<p>El contenido que se recoge a continuaci\u00f3n no es accesible por lo siguiente:<\/p>\n<p><strong>Falta de conformidad con el RD 1112\/2018<\/strong><\/p>\n<p>Podr\u00edan existir errores de c\u00f3digo puntuales de edici\u00f3n en alguna p\u00e1gina web. [4.1.1 Procesamiento]<\/p>\n<p>Podr\u00edan existir algunos componentes de la interfaz de usuario que no se encuentren etiquetados correctamente. [4.1.2 Nombre, funci\u00f3n, valor]<\/p>\n<p><strong>Carga desproporcionada<\/strong><\/p>\n<p>No aplica.<\/p>\n<p><strong>El contenido no entra dentro del \u00e1mbito de la legislaci\u00f3n aplicable<\/strong><\/p>\n<p>Podr\u00edan existir archivos ofim\u00e1ticos en PDF u otros formatos publicados antes del 16 de abril 2026 que no cumplan en su totalidad todos los requisitos de accesibilidad. Aunque se ha procurado que la mayor\u00eda de ellos s\u00ed lo cumplan.<\/p>\n<\/div>\n<\/div>\n<div class=\"vc_empty_space\"><strong>PREPARACI\u00d3N DE LA PRESENTE DECLARACI\u00d3N DE ACCESIBILIDAD<\/strong><\/div>\n<\/div>\n<\/div>\n<\/div>\n<\/div>\n<div class=\"vc_row wpb_row vc_row-fluid vc_custom_1763558257812 vc_row-has-fill\">\n<div class=\"wpb_column vc_column_container vc_col-sm-12 sc_layouts_column_icons_position_left\">\n<div class=\"vc_column-inner\">\n<div class=\"wpb_wrapper\">\n<div class=\"wpb_text_column wpb_content_element\">\n<div class=\"wpb_wrapper\">\n<p>La presente declaraci\u00f3n fue preparada el 16 de abril 2026.<\/p>\n<p>El m\u00e9todo empleado para preparar la declaraci\u00f3n ha sido una autoevaluaci\u00f3n llevada a cabo por el propio organismo.<\/p>\n<\/div>\n<\/div>\n<div class=\"vc_empty_space\"><strong>OBSERVACIONES Y DATOS DE CONTACTO<\/strong><\/div>\n<\/div>\n<\/div>\n<\/div>\n<\/div>\n<div class=\"vc_row wpb_row vc_row-fluid vc_custom_1763558296880 vc_row-has-fill\">\n<div class=\"wpb_column vc_column_container vc_col-sm-12 sc_layouts_column_icons_position_left\">\n<div class=\"vc_column-inner\">\n<div class=\"wpb_wrapper\">\n<div class=\"wpb_text_column wpb_content_element\">\n<div class=\"wpb_wrapper\">\n<p>Puede realizar comunicaciones sobre requisitos de accesibilidad (art\u00edculo 10.2.a del RD 1112\/2018) como, por ejemplo:<\/p>\n<p>informar sobre cualquier posible incumplimiento por parte de este sitio web<br \/>transmitir otras\u00a0dificultades de acceso\u00a0al contenido<br \/>formular cualquier otra\u00a0consulta o sugerencia de mejora\u00a0relativa a la accesibilidad del sitio web<\/p>\n<p>A trav\u00e9s del formulario de contacto de este sitio web o a trav\u00e9s del n\u00famero de tel\u00e9fono referenciado en el apartado de contacto de este sitio web.<\/p>\n<p>Puede presentar:<\/p>\n<p><strong>Queja<\/strong>\u00a0relativa al cumplimiento de los requisitos del RD 1112\/2018 o<\/p>\n<p><strong>Solicitud de Informaci\u00f3n accesible<\/strong>\u00a0relativa a:<\/p>\n<p>Contenidos que est\u00e1n excluidos del \u00e1mbito de aplicaci\u00f3n del RD 1112\/2018 seg\u00fan lo establecido por el art\u00edculo 3, apartado 4.<\/p>\n<p>Contenidos que est\u00e1n exentos del cumplimiento de los requisitos de accesibilidad por imponer una carga desproporcionada.<\/p>\n<p>En la Solicitud de informaci\u00f3n accesible, se debe concretar, con toda claridad, los hechos, razones y petici\u00f3n que permitan constatar que se trata de una solicitud razonable y leg\u00edtima.<\/p>\n<p>Las quejas y reclamaciones sobre informaci\u00f3n accesible se realizar\u00e1n a trav\u00e9s del formulario de contacto de este sitio web, y ser\u00e1n recibidas y tratadas por el \u00e1rea de Sistemas de la Informaci\u00f3n de la empresa.<\/p>\n<\/div>\n<\/div>\n<div class=\"vc_empty_space\"><strong>PROCEDIMIENTO DE APLICACI\u00d3N<\/strong><\/div>\n<\/div>\n<\/div>\n<\/div>\n<\/div>\n<div class=\"vc_row wpb_row vc_row-fluid vc_custom_1763558376833 vc_row-has-fill\">\n<div class=\"wpb_column vc_column_container vc_col-sm-12 sc_layouts_column_icons_position_left\">\n<div class=\"vc_column-inner\">\n<div class=\"wpb_wrapper\">\n<div class=\"wpb_text_column wpb_content_element\">\n<div class=\"wpb_wrapper\">\n<p>Si una vez realizada una solicitud de informaci\u00f3n accesible o queja, esta hubiera sido desestimada, no se estuviera de acuerdo con la decisi\u00f3n adoptada, o la respuesta no cumpliera los requisitos contemplados en el art\u00edculo 12.5, la persona interesada podr\u00e1 iniciar una reclamaci\u00f3n.<\/p>\n<p>La reclamaci\u00f3n puede ser presentada a trav\u00e9s del formulario de contacto de este sitio web, y ser\u00e1n recibidas y tratadas por el \u00e1rea de Administraci\u00f3n de la empresa.<\/p>\n<\/div>\n<\/div>\n<div class=\"vc_empty_space\"><strong>CONTENIDO OPCIONAL<\/strong><\/div>\n<\/div>\n<\/div>\n<\/div>\n<\/div>\n<div class=\"vc_row wpb_row vc_row-fluid vc_custom_1763558424871 vc_row-has-fill\">\n<div class=\"wpb_column vc_column_container vc_col-sm-12 sc_layouts_column_icons_position_left\">\n<div class=\"vc_column-inner\">\n<div class=\"wpb_wrapper\">\n<div class=\"wpb_text_column wpb_content_element\">\n<div class=\"wpb_wrapper\">\n<p>Este portal est\u00e1 dise\u00f1ado para poder cambiar el tama\u00f1o del texto y el color, as\u00ed como el fondo de la p\u00e1gina mediante las opciones de configuraci\u00f3n est\u00e1ndar de los navegadores.<\/p>\n<p>Si desea cambiar el tama\u00f1o de letra del texto en los principales navegadores gr\u00e1ficos, utilice los siguientes men\u00fas:<\/p>\n<p>Internet Explorer, Mozilla y Firefox: Ver &gt; Tama\u00f1o del texto<br \/>Opera: Ver &gt; Zoom<br \/>Safari: Ver &gt; Hacer el texto m\u00e1s grande<br \/>Chrome: Controla la p\u00e1gina actual &gt; Tama\u00f1o del texto<br \/>Para modificar el tama\u00f1o de todo en la p\u00e1gina:<br \/>Ctrl + + para aumentarlo<br \/>Ctrl + \u2013 para disminuirlo<br \/>Ctrl + 0 restaura el tama\u00f1o original del texto<br \/>Si lo que quiere es anular la hoja de estilos o modificar el color del texto, puede consultar la p\u00e1gina\u00a0How to Change Text Size or Colors\u00a0de la WAI, que se puede leer traducida al espa\u00f1ol en \u00bfC\u00f3mo cambiar el tama\u00f1o del texto o colores?<\/p>\n<\/div>\n<\/div>\n<\/div>\n<\/div>\n<\/div>\n<\/div>\n<\/div>\n\t\t\t\t\t\t\t\t<\/div>\n\t\t\t\t\t<\/div>\n\t\t\t\t<\/div>\n\t\t\t\t<\/div>\n\t\t","protected":false},"excerpt":{"rendered":"<p>DECLARACI\u00d3N DE ACCESIBILIDAD Psicokarhes\u00a0se ha comprometido a hacer accesible su sitio web, de conformidad con el\u00a0Real Decreto 1112\/2018, de 7 de septiembre, sobre accesibilidad de los sitios web y aplicaciones\u00a0para\u00a0dispositivos m\u00f3viles del sector p\u00fablico. La presente declaraci\u00f3n de accesibilidad se aplica al sitio web:\u00a0https:\/\/psicokarhes.es\/ SITUACI\u00d3N DE CUMPLIMIENTO Este sitio web es parcialmente conforme con el\u00a0RD [&hellip;]<\/p>\n","protected":false},"author":1,"featured_media":0,"parent":0,"menu_order":0,"comment_status":"closed","ping_status":"closed","template":"","meta":{"footnotes":""},"class_list":["post-3564","page","type-page","status-publish","hentry"],"_links":{"self":[{"href":"https:\/\/psicokarhes.es\/en\/wp-json\/wp\/v2\/pages\/3564","targetHints":{"allow":["GET"]}}],"collection":[{"href":"https:\/\/psicokarhes.es\/en\/wp-json\/wp\/v2\/pages"}],"about":[{"href":"https:\/\/psicokarhes.es\/en\/wp-json\/wp\/v2\/types\/page"}],"author":[{"embeddable":true,"href":"https:\/\/psicokarhes.es\/en\/wp-json\/wp\/v2\/users\/1"}],"replies":[{"embeddable":true,"href":"https:\/\/psicokarhes.es\/en\/wp-json\/wp\/v2\/comments?post=3564"}],"version-history":[{"count":4,"href":"https:\/\/psicokarhes.es\/en\/wp-json\/wp\/v2\/pages\/3564\/revisions"}],"predecessor-version":[{"id":3783,"href":"https:\/\/psicokarhes.es\/en\/wp-json\/wp\/v2\/pages\/3564\/revisions\/3783"}],"wp:attachment":[{"href":"https:\/\/psicokarhes.es\/en\/wp-json\/wp\/v2\/media?parent=3564"}],"curies":[{"name":"wp","href":"https:\/\/api.w.org\/{rel}","templated":true}]}}