{"id":4036,"date":"2026-04-17T17:51:08","date_gmt":"2026-04-17T15:51:08","guid":{"rendered":"https:\/\/psicokarhes.es\/?page_id=4036"},"modified":"2026-04-17T17:58:43","modified_gmt":"2026-04-17T15:58:43","slug":"programa-para-empresas","status":"publish","type":"page","link":"https:\/\/psicokarhes.es\/en\/programa-para-empresas\/","title":{"rendered":"Programa para empresas"},"content":{"rendered":"<div data-elementor-type=\"wp-page\" data-elementor-id=\"4036\" class=\"elementor elementor-4036\">\n\t\t\t\t<div class=\"elementor-element elementor-element-230545bf e-flex e-con-boxed e-con e-parent\" data-id=\"230545bf\" data-element_type=\"container\" data-e-type=\"container\">\n\t\t\t\t\t<div class=\"e-con-inner\">\n\t\t<div class=\"elementor-element elementor-element-3ede5782 e-con-full e-flex e-con e-child\" data-id=\"3ede5782\" data-element_type=\"container\" data-e-type=\"container\">\n\t\t\t\t<div class=\"elementor-element elementor-element-1db913b0 elementor-widget elementor-widget-image\" data-id=\"1db913b0\" data-element_type=\"widget\" data-e-type=\"widget\" data-widget_type=\"image.default\">\n\t\t\t\t\t\t\t\t\t\t\t\t\t\t\t<img fetchpriority=\"high\" decoding=\"async\" width=\"1920\" height=\"1080\" src=\"https:\/\/psicokarhes.es\/wp-content\/uploads\/2026\/04\/rodeo-project-management-software-ONe-snuCaqQ-unsplash.jpg\" class=\"attachment-full size-full wp-image-4042\" alt=\"\" srcset=\"https:\/\/psicokarhes.es\/wp-content\/uploads\/2026\/04\/rodeo-project-management-software-ONe-snuCaqQ-unsplash.jpg 1920w, https:\/\/psicokarhes.es\/wp-content\/uploads\/2026\/04\/rodeo-project-management-software-ONe-snuCaqQ-unsplash-300x169.jpg 300w, https:\/\/psicokarhes.es\/wp-content\/uploads\/2026\/04\/rodeo-project-management-software-ONe-snuCaqQ-unsplash-1024x576.jpg 1024w, https:\/\/psicokarhes.es\/wp-content\/uploads\/2026\/04\/rodeo-project-management-software-ONe-snuCaqQ-unsplash-768x432.jpg 768w, https:\/\/psicokarhes.es\/wp-content\/uploads\/2026\/04\/rodeo-project-management-software-ONe-snuCaqQ-unsplash-1536x864.jpg 1536w, https:\/\/psicokarhes.es\/wp-content\/uploads\/2026\/04\/rodeo-project-management-software-ONe-snuCaqQ-unsplash-18x10.jpg 18w\" sizes=\"(max-width: 1920px) 100vw, 1920px\" \/>\t\t\t\t\t\t\t\t\t\t\t\t\t\t\t<\/div>\n\t\t\t\t<div class=\"elementor-element elementor-element-2d9dc2c3 elementor-widget elementor-widget-themeht-heading\" data-id=\"2d9dc2c3\" data-element_type=\"widget\" data-e-type=\"widget\" data-widget_type=\"themeht-heading.default\">\n\t\t\t\t<div class=\"elementor-widget-container\">\n\t\t\t\t\t    <div class=\"\">\r\n        <h3 class=\"ht-heading\">\r\n            Programa para empresas:        <\/h3>\r\n    <\/div>\r\n    \t\t\t\t<\/div>\n\t\t\t\t<\/div>\n\t\t\t\t<div class=\"elementor-element elementor-element-466c5ef2 elementor-drop-cap-yes elementor-drop-cap-view-default elementor-widget elementor-widget-text-editor\" data-id=\"466c5ef2\" data-element_type=\"widget\" data-e-type=\"widget\" data-settings=\"{&quot;drop_cap&quot;:&quot;yes&quot;}\" data-widget_type=\"text-editor.default\">\n\t\t\t\t\t\t\t\t\t<p>El programa para empresas est\u00e1 dise\u00f1ado para promover un entorno laboral m\u00e1s saludable, equilibrado y productivo. Su objetivo es apoyar tanto a los equipos como a las personas que los conforman, fomentando el bienestar emocional y la eficiencia en el trabajo. Una mente en calma se traduce en un equipo m\u00e1s en marcha, capaz de afrontar retos con claridad y colaboraci\u00f3n.<\/p>\t\t\t\t\t\t\t\t<\/div>\n\t\t\t\t<div class=\"elementor-element elementor-element-3d26f11b elementor-widget elementor-widget-text-editor\" data-id=\"3d26f11b\" data-element_type=\"widget\" data-e-type=\"widget\" data-widget_type=\"text-editor.default\">\n\t\t\t\t\t\t\t\t\t<p>Uno de los focos principales es <strong data-start=\"406\" data-end=\"435\">reducir el estr\u00e9s laboral<\/strong>, ofreciendo herramientas y estrategias que ayudan a gestionar la presi\u00f3n cotidiana y mejorar la resiliencia del equipo.<\/p>\t\t\t\t\t\t\t\t<\/div>\n\t\t<div class=\"elementor-element elementor-element-7a2348af e-grid e-con-full e-con e-child\" data-id=\"7a2348af\" data-element_type=\"container\" data-e-type=\"container\">\n\t\t\t\t<div class=\"elementor-element elementor-element-3437606e elementor-widget elementor-widget-feature\" data-id=\"3437606e\" data-element_type=\"widget\" data-e-type=\"widget\" data-widget_type=\"feature.default\">\n\t\t\t\t<div class=\"elementor-widget-container\">\n\t\t\t\t\t\r\n                    \r\n                        \r\n                            <div class=\"featured-item style-3\">\r\n                              <div class=\"featured-icon\"><i class=\"flaticon flaticon-research\"><\/i><\/div>\r\n                                <div class=\"featured-desc\">\r\n                <div class=\"featured-title\">\r\n            <h4>Reducci\u00f3n del estr\u00e9s<\/h4>\r\n          <\/div>\r\n            <p>Estrategias para manejar la presi\u00f3n laboral de manera efectiva.<\/p>          <\/div>\r\n                      <div class=\"featured-number\">\r\n           <span>01<\/span>\r\n                       <\/div>\r\n                       <div class=\"ht-shape-btn\"><svg width=\"111\" height=\"111\" viewbox=\"0 0 111 111\" fill=\"none\" xmlns=\"http:\/\/www.w3.org\/2000\/svg\">\r\n                        <path fill-rule=\"evenodd\" clip-rule=\"evenodd\" d=\"M0 0C19.33 0 35 15.67 35 35V41C35 60.33 50.67 76 70 76H76C95.33 76 111 91.67 111 111V0H0Z\" fill=\"none\"><\/path>\r\n                    <\/svg><\/div>\r\n\t\t\t \r\n        <\/div>\r\n                            \r\n                        \r\n            \r\n        \t\t\t\t<\/div>\n\t\t\t\t<\/div>\n\t\t\t\t<div class=\"elementor-element elementor-element-78ef20c2 elementor-widget elementor-widget-feature\" data-id=\"78ef20c2\" data-element_type=\"widget\" data-e-type=\"widget\" data-widget_type=\"feature.default\">\n\t\t\t\t<div class=\"elementor-widget-container\">\n\t\t\t\t\t\r\n                    \r\n                        \r\n                            <div class=\"featured-item style-3\">\r\n                              <div class=\"featured-icon\"><i class=\"flaticon flaticon-clarity\"><\/i><\/div>\r\n                                <div class=\"featured-desc\">\r\n                <div class=\"featured-title\">\r\n            <h4>Prevenci\u00f3n del burnout<\/h4>\r\n          <\/div>\r\n            <p>Identificar y evitar el agotamiento emocional en el equipo.<\/p>          <\/div>\r\n                      <div class=\"featured-number\">\r\n           <span>02<\/span>\r\n                       <\/div>\r\n                       <div class=\"ht-shape-btn\"><svg width=\"111\" height=\"111\" viewbox=\"0 0 111 111\" fill=\"none\" xmlns=\"http:\/\/www.w3.org\/2000\/svg\">\r\n                        <path fill-rule=\"evenodd\" clip-rule=\"evenodd\" d=\"M0 0C19.33 0 35 15.67 35 35V41C35 60.33 50.67 76 70 76H76C95.33 76 111 91.67 111 111V0H0Z\" fill=\"none\"><\/path>\r\n                    <\/svg><\/div>\r\n\t\t\t \r\n        <\/div>\r\n                            \r\n                        \r\n            \r\n        \t\t\t\t<\/div>\n\t\t\t\t<\/div>\n\t\t\t\t<div class=\"elementor-element elementor-element-3ec4587b elementor-widget elementor-widget-feature\" data-id=\"3ec4587b\" data-element_type=\"widget\" data-e-type=\"widget\" data-widget_type=\"feature.default\">\n\t\t\t\t<div class=\"elementor-widget-container\">\n\t\t\t\t\t\r\n                    \r\n                        \r\n                            <div class=\"featured-item style-3\">\r\n                              <div class=\"featured-icon\"><i class=\"flaticon flaticon-customer-engagement\"><\/i><\/div>\r\n                                <div class=\"featured-desc\">\r\n                <div class=\"featured-title\">\r\n            <h4>Comunicaci\u00f3n efectiva<\/h4>\r\n          <\/div>\r\n            <p>Mejorar la colaboraci\u00f3n y la resoluci\u00f3n de conflictos.<\/p>          <\/div>\r\n                      <div class=\"featured-number\">\r\n           <span>03<\/span>\r\n                       <\/div>\r\n                       <div class=\"ht-shape-btn\"><svg width=\"111\" height=\"111\" viewbox=\"0 0 111 111\" fill=\"none\" xmlns=\"http:\/\/www.w3.org\/2000\/svg\">\r\n                        <path fill-rule=\"evenodd\" clip-rule=\"evenodd\" d=\"M0 0C19.33 0 35 15.67 35 35V41C35 60.33 50.67 76 70 76H76C95.33 76 111 91.67 111 111V0H0Z\" fill=\"none\"><\/path>\r\n                    <\/svg><\/div>\r\n\t\t\t \r\n        <\/div>\r\n                            \r\n                        \r\n            \r\n        \t\t\t\t<\/div>\n\t\t\t\t<\/div>\n\t\t\t\t<div class=\"elementor-element elementor-element-1fc306d1 elementor-widget elementor-widget-feature\" data-id=\"1fc306d1\" data-element_type=\"widget\" data-e-type=\"widget\" data-widget_type=\"feature.default\">\n\t\t\t\t<div class=\"elementor-widget-container\">\n\t\t\t\t\t\r\n                    \r\n                        \r\n                            <div class=\"featured-item style-3\">\r\n                              <div class=\"featured-icon\"><i class=\"flaticon flaticon-group-therapy\"><\/i><\/div>\r\n                                <div class=\"featured-desc\">\r\n                <div class=\"featured-title\">\r\n            <h4>Bienestar del equipo<\/h4>\r\n          <\/div>\r\n            <p>Fortalecer la salud emocional y la motivaci\u00f3n colectiva.<\/p>          <\/div>\r\n                      <div class=\"featured-number\">\r\n           <span>04<\/span>\r\n                       <\/div>\r\n                       <div class=\"ht-shape-btn\"><svg width=\"111\" height=\"111\" viewbox=\"0 0 111 111\" fill=\"none\" xmlns=\"http:\/\/www.w3.org\/2000\/svg\">\r\n                        <path fill-rule=\"evenodd\" clip-rule=\"evenodd\" d=\"M0 0C19.33 0 35 15.67 35 35V41C35 60.33 50.67 76 70 76H76C95.33 76 111 91.67 111 111V0H0Z\" fill=\"none\"><\/path>\r\n                    <\/svg><\/div>\r\n\t\t\t \r\n        <\/div>\r\n                            \r\n                        \r\n            \r\n        \t\t\t\t<\/div>\n\t\t\t\t<\/div>\n\t\t\t\t<\/div>\n\t\t\t\t<div class=\"elementor-element elementor-element-305a0b5b elementor-widget elementor-widget-text-editor\" data-id=\"305a0b5b\" data-element_type=\"widget\" data-e-type=\"widget\" data-widget_type=\"text-editor.default\">\n\t\t\t\t\t\t\t\t\t<p>El programa tambi\u00e9n se centra en <strong data-start=\"592\" data-end=\"615\">prevenir el burnout<\/strong>, identificando se\u00f1ales tempranas de agotamiento y proporcionando recursos para mantener la motivaci\u00f3n, la energ\u00eda y la salud mental en el trabajo.<\/p>\t\t\t\t\t\t\t\t<\/div>\n\t\t\t\t<div class=\"elementor-element elementor-element-57c82f3b elementor-widget elementor-widget-text-editor\" data-id=\"57c82f3b\" data-element_type=\"widget\" data-e-type=\"widget\" data-widget_type=\"text-editor.default\">\n\t\t\t\t\t\t\t\t\t<p>Adem\u00e1s, se busca <strong data-start=\"783\" data-end=\"810\">mejorar la comunicaci\u00f3n<\/strong> dentro de los equipos, fortaleciendo la colaboraci\u00f3n, la escucha activa y la resoluci\u00f3n constructiva de conflictos, lo que favorece un clima laboral m\u00e1s positivo y productivo.<\/p>\t\t\t\t\t\t\t\t<\/div>\n\t\t\t\t<div class=\"elementor-element elementor-element-43455e54 elementor-widget elementor-widget-text-editor\" data-id=\"43455e54\" data-element_type=\"widget\" data-e-type=\"widget\" data-widget_type=\"text-editor.default\">\n\t\t\t\t\t\t\t\t\t<p>El programa se ofrece en <strong data-start=\"1015\" data-end=\"1035\">modalidad online<\/strong>, lo que permite acceder a las sesiones con flexibilidad y continuidad, sin importar la ubicaci\u00f3n, garantizando que cada miembro del equipo pueda participar y beneficiarse de manera c\u00f3moda y adaptada a sus necesidades.<\/p>\t\t\t\t\t\t\t\t<\/div>\n\t\t\t\t<\/div>\n\t\t<div class=\"elementor-element elementor-element-12a1621d e-con-full e-flex e-con e-child\" data-id=\"12a1621d\" data-element_type=\"container\" data-e-type=\"container\">\n\t\t<div class=\"elementor-element elementor-element-21ee1cfb e-con-full white-bg widget e-flex e-con e-child\" data-id=\"21ee1cfb\" data-element_type=\"container\" data-e-type=\"container\">\n\t\t\t\t<div class=\"elementor-element elementor-element-3666f5c8 elementor-widget elementor-widget-themeht-heading\" data-id=\"3666f5c8\" data-element_type=\"widget\" data-e-type=\"widget\" data-widget_type=\"themeht-heading.default\">\n\t\t\t\t<div class=\"elementor-widget-container\">\n\t\t\t\t\t    <div class=\"\">\r\n        <h4 class=\"ht-heading widget-title\">\r\n            Todos los servicios        <\/h4>\r\n    <\/div>\r\n    \t\t\t\t<\/div>\n\t\t\t\t<\/div>\n\t\t\t\t<div class=\"elementor-element elementor-element-3744f8c2 elementor-widget elementor-widget-hte-menu\" data-id=\"3744f8c2\" data-element_type=\"widget\" data-e-type=\"widget\" data-widget_type=\"hte-menu.default\">\n\t\t\t\t<div class=\"elementor-widget-container\">\n\t\t\t\t\t<div class=\"ht-mobile-menu-bg\"><\/div><ul id=\"menu-service-sidebar-menu\" class=\"menu\"><li id=\"menu-item-3159\" class=\"menu-item menu-item-type-post_type menu-item-object-page menu-item-3159\"><a href=\"https:\/\/psicokarhes.es\/en\/terapia-para-el-crecimiento-personal\/\">Terapia para el crecimiento personal<\/a><\/li>\n<li id=\"menu-item-3158\" class=\"menu-item menu-item-type-post_type menu-item-object-page menu-item-3158\"><a href=\"https:\/\/psicokarhes.es\/en\/terapia-individual-para-adultos\/\">Terapia individual para adultos<\/a><\/li>\n<li id=\"menu-item-3157\" class=\"menu-item menu-item-type-post_type menu-item-object-page menu-item-3157\"><a href=\"https:\/\/psicokarhes.es\/en\/mujeres-con-tdah\/\">Mujeres con TDAH<\/a><\/li>\n<li id=\"menu-item-3156\" class=\"menu-item menu-item-type-post_type menu-item-object-page menu-item-3156\"><a href=\"https:\/\/psicokarhes.es\/en\/terapia-para-adolescentes\/\">Terapia para adolescentes<\/a><\/li>\n<li id=\"menu-item-3154\" class=\"menu-item menu-item-type-post_type menu-item-object-page menu-item-3154\"><a href=\"https:\/\/psicokarhes.es\/en\/autismo-grado-1-y-discapacidad-intelectual-limite-adultos\/\">Autismo grado 1 y discapacidad intelectual l\u00edmite (adultos)<\/a><\/li>\n<li id=\"menu-item-3155\" class=\"menu-item menu-item-type-post_type menu-item-object-page menu-item-3155\"><a href=\"https:\/\/psicokarhes.es\/en\/empresarios-y-profesionales\/\">Empresarios y profesionales<\/a><\/li>\n<li id=\"menu-item-4081\" class=\"menu-item menu-item-type-post_type menu-item-object-page menu-item-4081\"><a href=\"https:\/\/psicokarhes.es\/en\/programa-para-empresas\/\">Programa para empresas<\/a><\/li>\n<li id=\"menu-item-4080\" class=\"menu-item menu-item-type-post_type menu-item-object-page menu-item-4080\"><a href=\"https:\/\/psicokarhes.es\/en\/atencion-a-domicilio\/\">Atenci\u00f3n a domicilio<\/a><\/li>\n<\/ul>\t\t\t\t<\/div>\n\t\t\t\t<\/div>\n\t\t\t\t<\/div>\n\t\t<div class=\"elementor-element elementor-element-6da44b7 e-con-full white-bg widget e-flex e-con e-child\" data-id=\"6da44b7\" data-element_type=\"container\" data-e-type=\"container\">\n\t\t\t\t<div class=\"elementor-element elementor-element-4061a4c elementor-widget elementor-widget-themeht-heading\" data-id=\"4061a4c\" data-element_type=\"widget\" data-e-type=\"widget\" data-widget_type=\"themeht-heading.default\">\n\t\t\t\t<div class=\"elementor-widget-container\">\n\t\t\t\t\t    <div class=\"\">\r\n        <h4 class=\"ht-heading widget-title\">\r\n            Pide una cita        <\/h4>\r\n    <\/div>\r\n    \t\t\t\t<\/div>\n\t\t\t\t<\/div>\n\t\t\t\t<div class=\"elementor-element elementor-element-d7facc4 elementor-widget elementor-widget-html\" data-id=\"d7facc4\" data-element_type=\"widget\" data-e-type=\"widget\" data-widget_type=\"html.default\">\n\t\t\t\t\t<iframe width=\"600\" height=\"800\" src=\"https:\/\/www.docfav.com\/portal-iframe\/2ba634ef-a27c-4128-9fa6-4381d571dbd2\/\"><\/iframe>\t\t\t\t<\/div>\n\t\t\t\t<\/div>\n\t\t\t\t<\/div>\n\t\t\t\t\t<\/div>\n\t\t\t\t<\/div>\n\t\t\t\t<\/div>","protected":false},"excerpt":{"rendered":"<p>Programa para empresas: El programa para empresas est\u00e1 dise\u00f1ado para promover un entorno laboral m\u00e1s saludable, equilibrado y productivo. Su objetivo es apoyar tanto a los equipos como a las personas que los conforman, fomentando el bienestar emocional y la eficiencia en el trabajo. Una mente en calma se traduce en un equipo m\u00e1s en [&hellip;]<\/p>\n","protected":false},"author":1,"featured_media":0,"parent":0,"menu_order":0,"comment_status":"closed","ping_status":"closed","template":"","meta":{"footnotes":""},"class_list":["post-4036","page","type-page","status-publish","hentry"],"_links":{"self":[{"href":"https:\/\/psicokarhes.es\/en\/wp-json\/wp\/v2\/pages\/4036","targetHints":{"allow":["GET"]}}],"collection":[{"href":"https:\/\/psicokarhes.es\/en\/wp-json\/wp\/v2\/pages"}],"about":[{"href":"https:\/\/psicokarhes.es\/en\/wp-json\/wp\/v2\/types\/page"}],"author":[{"embeddable":true,"href":"https:\/\/psicokarhes.es\/en\/wp-json\/wp\/v2\/users\/1"}],"replies":[{"embeddable":true,"href":"https:\/\/psicokarhes.es\/en\/wp-json\/wp\/v2\/comments?post=4036"}],"version-history":[{"count":5,"href":"https:\/\/psicokarhes.es\/en\/wp-json\/wp\/v2\/pages\/4036\/revisions"}],"predecessor-version":[{"id":4092,"href":"https:\/\/psicokarhes.es\/en\/wp-json\/wp\/v2\/pages\/4036\/revisions\/4092"}],"wp:attachment":[{"href":"https:\/\/psicokarhes.es\/en\/wp-json\/wp\/v2\/media?parent=4036"}],"curies":[{"name":"wp","href":"https:\/\/api.w.org\/{rel}","templated":true}]}}