{"id":4049,"date":"2026-04-17T17:59:59","date_gmt":"2026-04-17T15:59:59","guid":{"rendered":"https:\/\/psicokarhes.es\/?page_id=4049"},"modified":"2026-04-17T18:16:36","modified_gmt":"2026-04-17T16:16:36","slug":"atencion-a-domicilio","status":"publish","type":"page","link":"https:\/\/psicokarhes.es\/en\/atencion-a-domicilio\/","title":{"rendered":"Atenci\u00f3n a domicilio"},"content":{"rendered":"\t\t<div data-elementor-type=\"wp-page\" data-elementor-id=\"4049\" class=\"elementor elementor-4049\">\n\t\t\t\t<div class=\"elementor-element elementor-element-233b30ee e-flex e-con-boxed e-con e-parent\" data-id=\"233b30ee\" data-element_type=\"container\" data-e-type=\"container\">\n\t\t\t\t\t<div class=\"e-con-inner\">\n\t\t<div class=\"elementor-element elementor-element-7b32ea7f e-con-full e-flex e-con e-child\" data-id=\"7b32ea7f\" data-element_type=\"container\" data-e-type=\"container\">\n\t\t\t\t<div class=\"elementor-element elementor-element-4c32fb56 elementor-widget elementor-widget-image\" data-id=\"4c32fb56\" data-element_type=\"widget\" data-e-type=\"widget\" data-widget_type=\"image.default\">\n\t\t\t\t\t\t\t\t\t\t\t\t\t\t\t<img fetchpriority=\"high\" decoding=\"async\" width=\"1920\" height=\"1080\" src=\"https:\/\/psicokarhes.es\/wp-content\/uploads\/2026\/04\/mobio-marketing-DgsnUCvGYCU-unsplash.jpg\" class=\"attachment-full size-full wp-image-4052\" alt=\"\" srcset=\"https:\/\/psicokarhes.es\/wp-content\/uploads\/2026\/04\/mobio-marketing-DgsnUCvGYCU-unsplash.jpg 1920w, https:\/\/psicokarhes.es\/wp-content\/uploads\/2026\/04\/mobio-marketing-DgsnUCvGYCU-unsplash-300x169.jpg 300w, https:\/\/psicokarhes.es\/wp-content\/uploads\/2026\/04\/mobio-marketing-DgsnUCvGYCU-unsplash-1024x576.jpg 1024w, https:\/\/psicokarhes.es\/wp-content\/uploads\/2026\/04\/mobio-marketing-DgsnUCvGYCU-unsplash-768x432.jpg 768w, https:\/\/psicokarhes.es\/wp-content\/uploads\/2026\/04\/mobio-marketing-DgsnUCvGYCU-unsplash-1536x864.jpg 1536w, https:\/\/psicokarhes.es\/wp-content\/uploads\/2026\/04\/mobio-marketing-DgsnUCvGYCU-unsplash-18x10.jpg 18w\" sizes=\"(max-width: 1920px) 100vw, 1920px\" \/>\t\t\t\t\t\t\t\t\t\t\t\t\t\t\t<\/div>\n\t\t\t\t<div class=\"elementor-element elementor-element-29565a15 elementor-widget elementor-widget-themeht-heading\" data-id=\"29565a15\" data-element_type=\"widget\" data-e-type=\"widget\" data-widget_type=\"themeht-heading.default\">\n\t\t\t\t<div class=\"elementor-widget-container\">\n\t\t\t\t\t    <div class=\"\">\r\n        <h3 class=\"ht-heading  \">\r\n            Atenci\u00f3n a domicilio:        <\/h3>\r\n    <\/div>\r\n    \t\t\t\t<\/div>\n\t\t\t\t<\/div>\n\t\t\t\t<div class=\"elementor-element elementor-element-38deed27 elementor-drop-cap-yes elementor-drop-cap-view-default elementor-widget elementor-widget-text-editor\" data-id=\"38deed27\" data-element_type=\"widget\" data-e-type=\"widget\" data-settings=\"{&quot;drop_cap&quot;:&quot;yes&quot;}\" data-widget_type=\"text-editor.default\">\n\t\t\t\t\t\t\t\t\t<p>La atenci\u00f3n a domicilio ofrece un enfoque flexible y cercano, llevando la terapia al espacio donde te sientes m\u00e1s c\u00f3modo y seguro. Este servicio est\u00e1 pensado para quienes buscan apoyo psicol\u00f3gico sin tener que desplazarse, facilitando la continuidad y efectividad del proceso terap\u00e9utico.<\/p>\t\t\t\t\t\t\t\t<\/div>\n\t\t\t\t<div class=\"elementor-element elementor-element-44d00b38 elementor-widget elementor-widget-text-editor\" data-id=\"44d00b38\" data-element_type=\"widget\" data-e-type=\"widget\" data-widget_type=\"text-editor.default\">\n\t\t\t\t\t\t\t\t\t<p>Al recibir la intervenci\u00f3n en tu propio entorno, es posible trabajar de manera m\u00e1s personalizada, observando y abordando situaciones cotidianas que impactan directamente en tu bienestar. Esto permite que los cambios y aprendizajes se integren de forma m\u00e1s natural en tu vida diaria.<\/p>\t\t\t\t\t\t\t\t<\/div>\n\t\t<div class=\"elementor-element elementor-element-18c00087 e-grid e-con-full e-con e-child\" data-id=\"18c00087\" data-element_type=\"container\" data-e-type=\"container\">\n\t\t\t\t<div class=\"elementor-element elementor-element-27eb638b elementor-widget elementor-widget-feature\" data-id=\"27eb638b\" data-element_type=\"widget\" data-e-type=\"widget\" data-widget_type=\"feature.default\">\n\t\t\t\t<div class=\"elementor-widget-container\">\n\t\t\t\t\t\r\n                    \r\n                        \r\n                            <div class=\"featured-item style-3   \">\r\n                              <div class=\"featured-icon \"><i class=\"bi bi-house-heart\"><\/i><\/div>\r\n                                <div class=\"featured-desc\">\r\n                <div class=\"featured-title\">\r\n            <h4>Comodidad y cercan\u00eda<\/h4>\r\n          <\/div>\r\n            <p>Recibir terapia en tu propio hogar, en un espacio seguro.<\/p>          <\/div>\r\n                      <div class=\"featured-number\">\r\n           <span>01<\/span>\r\n                       <\/div>\r\n                       <div class=\"ht-shape-btn\"><svg width=\"111\" height=\"111\" viewBox=\"0 0 111 111\" fill=\"none\" xmlns=\"http:\/\/www.w3.org\/2000\/svg\">\r\n                        <path fill-rule=\"evenodd\" clip-rule=\"evenodd\" d=\"M0 0C19.33 0 35 15.67 35 35V41C35 60.33 50.67 76 70 76H76C95.33 76 111 91.67 111 111V0H0Z\" fill=\"none\"><\/path>\r\n                    <\/svg><\/div>\r\n\t\t\t \r\n        <\/div>\r\n                            \r\n                        \r\n            \r\n        \t\t\t\t<\/div>\n\t\t\t\t<\/div>\n\t\t\t\t<div class=\"elementor-element elementor-element-4917679c elementor-widget elementor-widget-feature\" data-id=\"4917679c\" data-element_type=\"widget\" data-e-type=\"widget\" data-widget_type=\"feature.default\">\n\t\t\t\t<div class=\"elementor-widget-container\">\n\t\t\t\t\t\r\n                    \r\n                        \r\n                            <div class=\"featured-item style-3   \">\r\n                              <div class=\"featured-icon \"><i class=\"flaticon flaticon-psychology\"><\/i><\/div>\r\n                                <div class=\"featured-desc\">\r\n                <div class=\"featured-title\">\r\n            <h4>Adaptaci\u00f3n personalizada<\/h4>\r\n          <\/div>\r\n            <p>Intervenci\u00f3n ajustada a tus<br \/>necesidades y ritmo.<\/p>          <\/div>\r\n                      <div class=\"featured-number\">\r\n           <span>02<\/span>\r\n                       <\/div>\r\n                       <div class=\"ht-shape-btn\"><svg width=\"111\" height=\"111\" viewBox=\"0 0 111 111\" fill=\"none\" xmlns=\"http:\/\/www.w3.org\/2000\/svg\">\r\n                        <path fill-rule=\"evenodd\" clip-rule=\"evenodd\" d=\"M0 0C19.33 0 35 15.67 35 35V41C35 60.33 50.67 76 70 76H76C95.33 76 111 91.67 111 111V0H0Z\" fill=\"none\"><\/path>\r\n                    <\/svg><\/div>\r\n\t\t\t \r\n        <\/div>\r\n                            \r\n                        \r\n            \r\n        \t\t\t\t<\/div>\n\t\t\t\t<\/div>\n\t\t\t\t<div class=\"elementor-element elementor-element-776c78a1 elementor-widget elementor-widget-feature\" data-id=\"776c78a1\" data-element_type=\"widget\" data-e-type=\"widget\" data-widget_type=\"feature.default\">\n\t\t\t\t<div class=\"elementor-widget-container\">\n\t\t\t\t\t\r\n                    \r\n                        \r\n                            <div class=\"featured-item style-3   \">\r\n                              <div class=\"featured-icon \"><i class=\"bi bi-house-gear\"><\/i><\/div>\r\n                                <div class=\"featured-desc\">\r\n                <div class=\"featured-title\">\r\n            <h4>Aplicaci\u00f3n en la vida real<\/h4>\r\n          <\/div>\r\n            <p>Trabajar situaciones y h\u00e1bitos directamente en tu entorno cotidiano.<\/p>          <\/div>\r\n                      <div class=\"featured-number\">\r\n           <span>03<\/span>\r\n                       <\/div>\r\n                       <div class=\"ht-shape-btn\"><svg width=\"111\" height=\"111\" viewBox=\"0 0 111 111\" fill=\"none\" xmlns=\"http:\/\/www.w3.org\/2000\/svg\">\r\n                        <path fill-rule=\"evenodd\" clip-rule=\"evenodd\" d=\"M0 0C19.33 0 35 15.67 35 35V41C35 60.33 50.67 76 70 76H76C95.33 76 111 91.67 111 111V0H0Z\" fill=\"none\"><\/path>\r\n                    <\/svg><\/div>\r\n\t\t\t \r\n        <\/div>\r\n                            \r\n                        \r\n            \r\n        \t\t\t\t<\/div>\n\t\t\t\t<\/div>\n\t\t\t\t<div class=\"elementor-element elementor-element-4e437721 elementor-widget elementor-widget-feature\" data-id=\"4e437721\" data-element_type=\"widget\" data-e-type=\"widget\" data-widget_type=\"feature.default\">\n\t\t\t\t<div class=\"elementor-widget-container\">\n\t\t\t\t\t\r\n                    \r\n                        \r\n                            <div class=\"featured-item style-3   \">\r\n                              <div class=\"featured-icon \"><i class=\"flaticon flaticon-doctor-consultation\"><\/i><\/div>\r\n                                <div class=\"featured-desc\">\r\n                <div class=\"featured-title\">\r\n            <h4>Continuidad y accesibilidad<\/h4>\r\n          <\/div>\r\n            <div class=\"relative basis-auto flex-col -mb-(--composer-overlap-px) pb-(--composer-overlap-px) [--composer-overlap-px:28px] grow flex\"><div class=\"flex flex-col text-sm pb-25\"><section class=\"text-token-text-primary w-full focus:outline-none [--shadow-height:45px] has-data-writing-block:pointer-events-none has-data-writing-block:-mt-(--shadow-height) has-data-writing-block:pt-(--shadow-height) [&amp;:has([data-writing-block])&gt;*]:pointer-events-auto scroll-mt-[calc(var(--header-height)+min(200px,max(70px,20svh)))]\" dir=\"auto\" data-turn-id=\"request-WEB:1a6b7bad-b5a1-4bf3-9387-d13b03881007-16\" data-testid=\"conversation-turn-34\" data-scroll-anchor=\"true\" data-turn=\"assistant\"><div class=\"text-base my-auto mx-auto pb-10 [--thread-content-margin:var(--thread-content-margin-xs,calc(var(--spacing)*4))] @w-sm\/main:[--thread-content-margin:var(--thread-content-margin-sm,calc(var(--spacing)*6))] @w-lg\/main:[--thread-content-margin:var(--thread-content-margin-lg,calc(var(--spacing)*16))] px-(--thread-content-margin)\"><div class=\"[--thread-content-max-width:40rem] @w-lg\/main:[--thread-content-max-width:48rem] mx-auto max-w-(--thread-content-max-width) flex-1 group\/turn-messages focus-visible:outline-hidden relative flex w-full min-w-0 flex-col agent-turn\"><div class=\"flex max-w-full flex-col gap-4 grow\"><div class=\"min-h-8 text-message relative flex w-full flex-col items-end gap-2 text-start break-words whitespace-normal outline-none keyboard-focused:focus-ring [.text-message+&amp;]:mt-1\" dir=\"auto\" tabindex=\"0\" data-message-author-role=\"assistant\" data-message-id=\"befc2efe-723e-40e2-b0ce-cfa482db4da2\" data-message-model-slug=\"gpt-5-3-mini\" data-turn-start-message=\"true\"><div class=\"flex w-full flex-col gap-1 empty:hidden\"><div class=\"markdown prose dark:prose-invert w-full wrap-break-word dark markdown-new-styling\"><p>Facilitar la asistencia y mantener el acompa\u00f1amiento sin barreras de desplazamiento.<\/p><\/div><\/div><\/div><\/div><\/div><\/div><\/section><\/div><\/div>          <\/div>\r\n                      <div class=\"featured-number\">\r\n           <span>04<\/span>\r\n                       <\/div>\r\n                       <div class=\"ht-shape-btn\"><svg width=\"111\" height=\"111\" viewBox=\"0 0 111 111\" fill=\"none\" xmlns=\"http:\/\/www.w3.org\/2000\/svg\">\r\n                        <path fill-rule=\"evenodd\" clip-rule=\"evenodd\" d=\"M0 0C19.33 0 35 15.67 35 35V41C35 60.33 50.67 76 70 76H76C95.33 76 111 91.67 111 111V0H0Z\" fill=\"none\"><\/path>\r\n                    <\/svg><\/div>\r\n\t\t\t \r\n        <\/div>\r\n                            \r\n                        \r\n            \r\n        \t\t\t\t<\/div>\n\t\t\t\t<\/div>\n\t\t\t\t<\/div>\n\t\t\t\t<div class=\"elementor-element elementor-element-4b88a19d elementor-widget elementor-widget-text-editor\" data-id=\"4b88a19d\" data-element_type=\"widget\" data-e-type=\"widget\" data-widget_type=\"text-editor.default\">\n\t\t\t\t\t\t\t\t\t<p>La terapia a domicilio tambi\u00e9n proporciona <strong data-start=\"621\" data-end=\"645\">comodidad y cercan\u00eda<\/strong>, creando un espacio donde puedas expresarte con libertad, sin la presi\u00f3n de trasladarte a un consultorio o ajustarte a horarios r\u00edgidos.<\/p>\t\t\t\t\t\t\t\t<\/div>\n\t\t\t\t<div class=\"elementor-element elementor-element-3560610d elementor-widget elementor-widget-text-editor\" data-id=\"3560610d\" data-element_type=\"widget\" data-e-type=\"widget\" data-widget_type=\"text-editor.default\">\n\t\t\t\t\t\t\t\t\t<p>Este enfoque es especialmente \u00fatil para personas con movilidad reducida, horarios complicados o necesidades espec\u00edficas que dificultan la asistencia presencial. La atenci\u00f3n se adapta a tus tiempos, necesidades y ritmo de progreso, garantizando un acompa\u00f1amiento continuo y respetuoso.<\/p>\t\t\t\t\t\t\t\t<\/div>\n\t\t\t\t<div class=\"elementor-element elementor-element-686430db elementor-widget elementor-widget-text-editor\" data-id=\"686430db\" data-element_type=\"widget\" data-e-type=\"widget\" data-widget_type=\"text-editor.default\">\n\t\t\t\t\t\t\t\t\t<p>Con la terapia en tu hogar, se busca no solo aliviar malestar, sino fortalecer habilidades, estrategias y recursos personales en un entorno real, favoreciendo cambios sostenibles y un bienestar m\u00e1s integral.<\/p>\t\t\t\t\t\t\t\t<\/div>\n\t\t\t\t<\/div>\n\t\t<div class=\"elementor-element elementor-element-4866d038 e-con-full e-flex e-con e-child\" data-id=\"4866d038\" data-element_type=\"container\" data-e-type=\"container\">\n\t\t<div class=\"elementor-element elementor-element-157b4a95 e-con-full white-bg widget e-flex e-con e-child\" data-id=\"157b4a95\" data-element_type=\"container\" data-e-type=\"container\">\n\t\t\t\t<div class=\"elementor-element elementor-element-7b40ee5e elementor-widget elementor-widget-themeht-heading\" data-id=\"7b40ee5e\" data-element_type=\"widget\" data-e-type=\"widget\" data-widget_type=\"themeht-heading.default\">\n\t\t\t\t<div class=\"elementor-widget-container\">\n\t\t\t\t\t    <div class=\"\">\r\n        <h4 class=\"ht-heading widget-title \">\r\n            Todos los servicios        <\/h4>\r\n    <\/div>\r\n    \t\t\t\t<\/div>\n\t\t\t\t<\/div>\n\t\t\t\t<div class=\"elementor-element elementor-element-600b7740 elementor-widget elementor-widget-hte-menu\" data-id=\"600b7740\" data-element_type=\"widget\" data-e-type=\"widget\" data-widget_type=\"hte-menu.default\">\n\t\t\t\t<div class=\"elementor-widget-container\">\n\t\t\t\t\t<div class=\"ht-mobile-menu-bg\"><\/div><ul id=\"menu-service-sidebar-menu\" class=\"menu\"><li id=\"menu-item-3159\" class=\"menu-item menu-item-type-post_type menu-item-object-page menu-item-3159\"><a href=\"https:\/\/psicokarhes.es\/en\/terapia-para-el-crecimiento-personal\/\">Terapia para el crecimiento personal<\/a><\/li>\n<li id=\"menu-item-3158\" class=\"menu-item menu-item-type-post_type menu-item-object-page menu-item-3158\"><a href=\"https:\/\/psicokarhes.es\/en\/terapia-individual-para-adultos\/\">Terapia individual para adultos<\/a><\/li>\n<li id=\"menu-item-3157\" class=\"menu-item menu-item-type-post_type menu-item-object-page menu-item-3157\"><a href=\"https:\/\/psicokarhes.es\/en\/mujeres-con-tdah\/\">Mujeres con TDAH<\/a><\/li>\n<li id=\"menu-item-3156\" class=\"menu-item menu-item-type-post_type menu-item-object-page menu-item-3156\"><a href=\"https:\/\/psicokarhes.es\/en\/terapia-para-adolescentes\/\">Terapia para adolescentes<\/a><\/li>\n<li id=\"menu-item-3154\" class=\"menu-item menu-item-type-post_type menu-item-object-page menu-item-3154\"><a href=\"https:\/\/psicokarhes.es\/en\/autismo-grado-1-y-discapacidad-intelectual-limite-adultos\/\">Autismo grado 1 y discapacidad intelectual l\u00edmite (adultos)<\/a><\/li>\n<li id=\"menu-item-3155\" class=\"menu-item menu-item-type-post_type menu-item-object-page menu-item-3155\"><a href=\"https:\/\/psicokarhes.es\/en\/empresarios-y-profesionales\/\">Empresarios y profesionales<\/a><\/li>\n<li id=\"menu-item-4081\" class=\"menu-item menu-item-type-post_type menu-item-object-page menu-item-4081\"><a href=\"https:\/\/psicokarhes.es\/en\/programa-para-empresas\/\">Programa para empresas<\/a><\/li>\n<li id=\"menu-item-4080\" class=\"menu-item menu-item-type-post_type menu-item-object-page menu-item-4080\"><a href=\"https:\/\/psicokarhes.es\/en\/atencion-a-domicilio\/\">Atenci\u00f3n a domicilio<\/a><\/li>\n<\/ul>\t\t\t\t<\/div>\n\t\t\t\t<\/div>\n\t\t\t\t<\/div>\n\t\t<div class=\"elementor-element elementor-element-411f7be e-con-full white-bg widget e-flex e-con e-child\" data-id=\"411f7be\" data-element_type=\"container\" data-e-type=\"container\">\n\t\t\t\t<div class=\"elementor-element elementor-element-76bf7a65 elementor-widget elementor-widget-themeht-heading\" data-id=\"76bf7a65\" data-element_type=\"widget\" data-e-type=\"widget\" data-widget_type=\"themeht-heading.default\">\n\t\t\t\t<div class=\"elementor-widget-container\">\n\t\t\t\t\t    <div class=\"\">\r\n        <h4 class=\"ht-heading widget-title \">\r\n            Pide una cita        <\/h4>\r\n    <\/div>\r\n    \t\t\t\t<\/div>\n\t\t\t\t<\/div>\n\t\t\t\t<div class=\"elementor-element elementor-element-2c6d7479 elementor-widget elementor-widget-html\" data-id=\"2c6d7479\" data-element_type=\"widget\" data-e-type=\"widget\" data-widget_type=\"html.default\">\n\t\t\t\t\t<iframe width=\"600\" height=\"800\" src=\"https:\/\/www.docfav.com\/portal-iframe\/2ba634ef-a27c-4128-9fa6-4381d571dbd2\/\"><\/iframe>\t\t\t\t<\/div>\n\t\t\t\t<\/div>\n\t\t\t\t<\/div>\n\t\t\t\t\t<\/div>\n\t\t\t\t<\/div>\n\t\t\t\t<\/div>\n\t\t","protected":false},"excerpt":{"rendered":"<p>Atenci\u00f3n a domicilio: La atenci\u00f3n a domicilio ofrece un enfoque flexible y cercano, llevando la terapia al espacio donde te sientes m\u00e1s c\u00f3modo y seguro. Este servicio est\u00e1 pensado para quienes buscan apoyo psicol\u00f3gico sin tener que desplazarse, facilitando la continuidad y efectividad del proceso terap\u00e9utico. Al recibir la intervenci\u00f3n en tu propio entorno, es [&hellip;]<\/p>\n","protected":false},"author":1,"featured_media":0,"parent":0,"menu_order":0,"comment_status":"closed","ping_status":"closed","template":"","meta":{"footnotes":""},"class_list":["post-4049","page","type-page","status-publish","hentry"],"_links":{"self":[{"href":"https:\/\/psicokarhes.es\/en\/wp-json\/wp\/v2\/pages\/4049","targetHints":{"allow":["GET"]}}],"collection":[{"href":"https:\/\/psicokarhes.es\/en\/wp-json\/wp\/v2\/pages"}],"about":[{"href":"https:\/\/psicokarhes.es\/en\/wp-json\/wp\/v2\/types\/page"}],"author":[{"embeddable":true,"href":"https:\/\/psicokarhes.es\/en\/wp-json\/wp\/v2\/users\/1"}],"replies":[{"embeddable":true,"href":"https:\/\/psicokarhes.es\/en\/wp-json\/wp\/v2\/comments?post=4049"}],"version-history":[{"count":10,"href":"https:\/\/psicokarhes.es\/en\/wp-json\/wp\/v2\/pages\/4049\/revisions"}],"predecessor-version":[{"id":4062,"href":"https:\/\/psicokarhes.es\/en\/wp-json\/wp\/v2\/pages\/4049\/revisions\/4062"}],"wp:attachment":[{"href":"https:\/\/psicokarhes.es\/en\/wp-json\/wp\/v2\/media?parent=4049"}],"curies":[{"name":"wp","href":"https:\/\/api.w.org\/{rel}","templated":true}]}}